{"id":15,"date":"2020-07-03T15:35:20","date_gmt":"2020-07-03T15:35:20","guid":{"rendered":"http:\/\/lachaumiere.local\/?page_id=15"},"modified":"2020-08-24T18:02:56","modified_gmt":"2020-08-24T16:02:56","slug":"le-camping","status":"publish","type":"page","link":"https:\/\/campinglachaumiere.com\/index.php\/le-camping\/","title":{"rendered":"Le Camping"},"content":{"rendered":"\t\t<div data-elementor-type=\"wp-page\" data-elementor-id=\"15\" class=\"elementor elementor-15\">\n\t\t\t\t\t\t<section class=\"elementor-section elementor-top-section elementor-element elementor-element-5179a54 elementor-section-content-middle elementor-section-boxed elementor-section-height-default elementor-section-height-default\" data-id=\"5179a54\" data-element_type=\"section\">\n\t\t\t\t\t\t<div class=\"elementor-container elementor-column-gap-no\">\n\t\t\t\t\t<div class=\"elementor-column elementor-col-33 elementor-top-column elementor-element elementor-element-679f1be\" data-id=\"679f1be\" data-element_type=\"column\" data-settings=\"{&quot;background_background&quot;:&quot;classic&quot;}\">\n\t\t\t<div class=\"elementor-widget-wrap\">\n\t\t\t\t\t\t\t<\/div>\n\t\t<\/div>\n\t\t\t\t<div class=\"elementor-column elementor-col-66 elementor-top-column elementor-element elementor-element-e7a915a\" data-id=\"e7a915a\" data-element_type=\"column\">\n\t\t\t<div class=\"elementor-widget-wrap elementor-element-populated\">\n\t\t\t\t\t\t<div class=\"elementor-element elementor-element-df291a9 elementor-widget elementor-widget-heading\" data-id=\"df291a9\" data-element_type=\"widget\" data-widget_type=\"heading.default\">\n\t\t\t\t<div class=\"elementor-widget-container\">\n\t\t\t<h1 class=\"elementor-heading-title elementor-size-default\">Le Camping La Chaumi\u00e8re : \nil  se situe \u00e0 Buysscheure (59) dans la r\u00e9gion des Flandres, non loin de Dunkerque et de la fronti\u00e8re belge<\/h1>\t\t<\/div>\n\t\t\t\t<\/div>\n\t\t\t\t<div class=\"elementor-element elementor-element-15cff71 elementor-widget elementor-widget-heading\" data-id=\"15cff71\" data-element_type=\"widget\" data-widget_type=\"heading.default\">\n\t\t\t\t<div class=\"elementor-widget-container\">\n\t\t\t<h2 class=\"elementor-heading-title elementor-size-default\"><a href=\"https:\/\/campinglachaumiere.com\/index.php\/nos-services\/\">Les diff\u00e9rentes solutions d'h\u00e9bergement :<\/a><\/h2>\t\t<\/div>\n\t\t\t\t<\/div>\n\t\t\t\t<section class=\"elementor-section elementor-inner-section elementor-element elementor-element-234ca48 elementor-section-boxed elementor-section-height-default elementor-section-height-default\" data-id=\"234ca48\" data-element_type=\"section\">\n\t\t\t\t\t\t<div class=\"elementor-container elementor-column-gap-no\">\n\t\t\t\t\t<div class=\"elementor-column elementor-col-100 elementor-inner-column elementor-element elementor-element-0d816b6\" data-id=\"0d816b6\" data-element_type=\"column\">\n\t\t\t<div class=\"elementor-widget-wrap elementor-element-populated\">\n\t\t\t\t\t\t<div class=\"elementor-element elementor-element-4595b33 elementor-widget elementor-widget-text-editor\" data-id=\"4595b33\" data-element_type=\"widget\" data-widget_type=\"text-editor.default\">\n\t\t\t\t<div class=\"elementor-widget-container\">\n\t\t\t\t\t\t\t<p><em>Bienvenue au Camping La Chaumi\u00e8re \u00ab\u00a03 \u00e9toiles\u00a0\u00bb qui \u00a0s&rsquo;\u00e9tend sur 1,5 hectares au coeur de la campagne flamande. Le chant des oiseaux, les biches, les champs constitueront votre cadre de vacances ! Les\u00a0 29 emplacements du camping occupent une surface\u00a0 de 3000m\u00b2 environ. Le reste du camping est destin\u00e9 aux nombreuses activit\u00e9s (p\u00eache, minigolf, piscine&#8230;)\u00a0 Nous vous invitons \u00e0 prendre rapidement contact avec nous pour r\u00e9server l&rsquo; h\u00e9bergement de votre choix. Les animaux de compagnie sont aussi accept\u00e9s dans le camping. N&rsquo;h\u00e9sitez pas \u00e0 consulter les h\u00e9bergements dans la rubrique \u00ab\u00a0Nos services\u00a0\u00bb pour s\u00e9lectionner celui qui vous convient le mieux !\u00a0<\/em><\/p>\t\t\t\t\t\t<\/div>\n\t\t\t\t<\/div>\n\t\t\t\t<div class=\"elementor-element elementor-element-dd02456 elementor-align-center elementor-widget elementor-widget-button\" data-id=\"dd02456\" data-element_type=\"widget\" data-widget_type=\"button.default\">\n\t\t\t\t<div class=\"elementor-widget-container\">\n\t\t\t\t\t<div class=\"elementor-button-wrapper\">\n\t\t\t<a class=\"elementor-button elementor-button-link elementor-size-sm elementor-animation-shrink\" href=\"https:\/\/campinglachaumiere.com\/index.php\/nos-services\/\">\n\t\t\t\t\t\t<span class=\"elementor-button-content-wrapper\">\n\t\t\t\t\t\t<span class=\"elementor-button-icon elementor-align-icon-left\">\n\t\t\t\t<i aria-hidden=\"true\" class=\"fas fa-arrow-right\"><\/i>\t\t\t<\/span>\n\t\t\t\t\t\t<span class=\"elementor-button-text\">Aller sur la page h\u00e9bergements<\/span>\n\t\t<\/span>\n\t\t\t\t\t<\/a>\n\t\t<\/div>\n\t\t\t\t<\/div>\n\t\t\t\t<\/div>\n\t\t\t\t\t<\/div>\n\t\t<\/div>\n\t\t\t\t\t<\/div>\n\t\t<\/section>\n\t\t\t\t\t<\/div>\n\t\t<\/div>\n\t\t\t\t\t<\/div>\n\t\t<\/section>\n\t\t\t\t<section class=\"elementor-section elementor-top-section elementor-element elementor-element-8138c11 elementor-section-boxed elementor-section-height-default elementor-section-height-default\" data-id=\"8138c11\" data-element_type=\"section\">\n\t\t\t\t\t\t<div class=\"elementor-container elementor-column-gap-default\">\n\t\t\t\t\t<div class=\"elementor-column elementor-col-100 elementor-top-column elementor-element elementor-element-44a8a79\" data-id=\"44a8a79\" data-element_type=\"column\">\n\t\t\t<div class=\"elementor-widget-wrap elementor-element-populated\">\n\t\t\t\t\t\t<div class=\"elementor-element elementor-element-16a3ff1 elementor-widget elementor-widget-heading\" data-id=\"16a3ff1\" data-element_type=\"widget\" data-widget_type=\"heading.default\">\n\t\t\t\t<div class=\"elementor-widget-container\">\n\t\t\t<h1 class=\"elementor-heading-title elementor-size-default\">Le bar-restaurant du camping<\/h1>\t\t<\/div>\n\t\t\t\t<\/div>\n\t\t\t\t<div class=\"elementor-element elementor-element-c9abae8 elementor-widget elementor-widget-text-editor\" data-id=\"c9abae8\" data-element_type=\"widget\" data-widget_type=\"text-editor.default\">\n\t\t\t\t<div class=\"elementor-widget-container\">\n\t\t\t\t\t\t\t<p><em>Le Camping la Chaumi\u00e8re met \u00e0 votre disposition de nombreux services, facilitant vos vacances au quotidien. Un bar-restaurant vous permettra de vous restaurer du petit d\u00e9jeuner au\u00a0 diner, il s&rsquo;agit d&rsquo;une cuisine traditionnelle pr\u00e9par\u00e9e par nos soins. De plus, vous aurez la possibilit\u00e9 commander du pain, le boulanger passe quotidiennement.\u00a0\u00a0<\/em><\/p>\t\t\t\t\t\t<\/div>\n\t\t\t\t<\/div>\n\t\t\t\t\t<\/div>\n\t\t<\/div>\n\t\t\t\t\t<\/div>\n\t\t<\/section>\n\t\t\t\t<section class=\"elementor-section elementor-top-section elementor-element elementor-element-6c0bf43 elementor-section-boxed elementor-section-height-default elementor-section-height-default\" data-id=\"6c0bf43\" data-element_type=\"section\">\n\t\t\t\t\t\t<div class=\"elementor-container elementor-column-gap-default\">\n\t\t\t\t\t<div class=\"elementor-column elementor-col-100 elementor-top-column elementor-element elementor-element-9570e94\" data-id=\"9570e94\" data-element_type=\"column\">\n\t\t\t<div class=\"elementor-widget-wrap elementor-element-populated\">\n\t\t\t\t\t\t<div class=\"elementor-element elementor-element-5b1a087 elementor-widget elementor-widget-heading\" data-id=\"5b1a087\" data-element_type=\"widget\" data-widget_type=\"heading.default\">\n\t\t\t\t<div class=\"elementor-widget-container\">\n\t\t\t<h2 class=\"elementor-heading-title elementor-size-default\"><a href=\"https:\/\/campinglachaumiere.com\/index.php\/activites-et-visites\/\">Les activit\u00e9s du camping et les environs<\/a><\/h2>\t\t<\/div>\n\t\t\t\t<\/div>\n\t\t\t\t\t<\/div>\n\t\t<\/div>\n\t\t\t\t\t<\/div>\n\t\t<\/section>\n\t\t\t\t<section class=\"elementor-section elementor-top-section elementor-element elementor-element-97cf93a elementor-section-content-middle elementor-section-full_width elementor-section-height-default elementor-section-height-default\" data-id=\"97cf93a\" data-element_type=\"section\" data-settings=\"{&quot;background_background&quot;:&quot;classic&quot;}\">\n\t\t\t\t\t\t<div class=\"elementor-container elementor-column-gap-no\">\n\t\t\t\t\t<div class=\"elementor-column elementor-col-33 elementor-top-column elementor-element elementor-element-afe31b7\" data-id=\"afe31b7\" data-element_type=\"column\">\n\t\t\t<div class=\"elementor-widget-wrap elementor-element-populated\">\n\t\t\t\t\t\t<div class=\"elementor-element elementor-element-8cda433 elementor-widget elementor-widget-text-editor\" data-id=\"8cda433\" data-element_type=\"widget\" data-widget_type=\"text-editor.default\">\n\t\t\t\t<div class=\"elementor-widget-container\">\n\t\t\t\t\t\t\t<p><em>Elles s&rsquo;adressent aussi bien aux enfants qu&rsquo;aux adultes jeunes ou moins jeunes. Vous aurez de nombreuses possibilit\u00e9s de vous d\u00e9tendre et vous amuser en famille ou avec les autres vacanciers que ce soit au minigolf, \u00e0 la piscine, sur le terrain de boules, \u00e0 l&rsquo;\u00e9tang pour p\u00e9cher, au babyfoot, aux jeux flamands auxquels vous pourrez vous initier, la lecture, au trampoline, le tout inclus dans la prestation !\u00a0<\/em><\/p><p><em>La localisation du Camping est id\u00e9ale car elle permet de\u00a0<span style=\"font-family: Roboto, sans-serif; font-size: 14px; font-variant-ligatures: normal; font-variant-caps: normal; font-weight: 400;\">d\u00e9couvrir notre belle r\u00e9gion des Flandres,\u00a0 des Hauts-de-France et la c\u00f4te belge<\/span><span style=\"font-size: 14px;\">\u00a0facilement \u00e0 pied, en v\u00e9lo ou en voiture. N&rsquo;h\u00e9sitez pas \u00e0 demander conseil \u00e0 l&rsquo;accueil pour \u00eatre guid\u00e9.\u00a0 Nous nous ferons un plaisir de vous conseiller !\u00a0<\/span><\/em><\/p>\t\t\t\t\t\t<\/div>\n\t\t\t\t<\/div>\n\t\t\t\t<div class=\"elementor-element elementor-element-667eb2e elementor-align-center elementor-widget elementor-widget-button\" data-id=\"667eb2e\" data-element_type=\"widget\" data-widget_type=\"button.default\">\n\t\t\t\t<div class=\"elementor-widget-container\">\n\t\t\t\t\t<div class=\"elementor-button-wrapper\">\n\t\t\t<a class=\"elementor-button elementor-button-link elementor-size-sm elementor-animation-shrink\" href=\"https:\/\/campinglachaumiere.com\/index.php\/activites-et-visites\/\">\n\t\t\t\t\t\t<span class=\"elementor-button-content-wrapper\">\n\t\t\t\t\t\t<span class=\"elementor-button-icon elementor-align-icon-left\">\n\t\t\t\t<i aria-hidden=\"true\" class=\"fas fa-arrow-right\"><\/i>\t\t\t<\/span>\n\t\t\t\t\t\t<span class=\"elementor-button-text\">Aller sur la page activit\u00e9s et visite<\/span>\n\t\t<\/span>\n\t\t\t\t\t<\/a>\n\t\t<\/div>\n\t\t\t\t<\/div>\n\t\t\t\t<\/div>\n\t\t\t\t\t<\/div>\n\t\t<\/div>\n\t\t\t\t<div class=\"elementor-column elementor-col-66 elementor-top-column elementor-element elementor-element-e8a3c70\" data-id=\"e8a3c70\" data-element_type=\"column\">\n\t\t\t<div class=\"elementor-widget-wrap elementor-element-populated\">\n\t\t\t\t\t\t<div class=\"elementor-element elementor-element-c7f3bca elementor-arrows-position-inside elementor-widget elementor-widget-image-carousel\" data-id=\"c7f3bca\" data-element_type=\"widget\" data-settings=\"{&quot;slides_to_show&quot;:&quot;2&quot;,&quot;slides_to_show_tablet&quot;:&quot;2&quot;,&quot;slides_to_show_mobile&quot;:&quot;2&quot;,&quot;slides_to_scroll&quot;:&quot;1&quot;,&quot;navigation&quot;:&quot;arrows&quot;,&quot;autoplay&quot;:&quot;yes&quot;,&quot;pause_on_hover&quot;:&quot;yes&quot;,&quot;pause_on_interaction&quot;:&quot;yes&quot;,&quot;autoplay_speed&quot;:5000,&quot;infinite&quot;:&quot;yes&quot;,&quot;speed&quot;:500,&quot;image_spacing_custom&quot;:{&quot;unit&quot;:&quot;px&quot;,&quot;size&quot;:20,&quot;sizes&quot;:[]},&quot;image_spacing_custom_tablet&quot;:{&quot;unit&quot;:&quot;px&quot;,&quot;size&quot;:&quot;&quot;,&quot;sizes&quot;:[]},&quot;image_spacing_custom_mobile&quot;:{&quot;unit&quot;:&quot;px&quot;,&quot;size&quot;:&quot;&quot;,&quot;sizes&quot;:[]}}\" data-widget_type=\"image-carousel.default\">\n\t\t\t\t<div class=\"elementor-widget-container\">\n\t\t\t\t\t<div class=\"elementor-image-carousel-wrapper swiper-container\" dir=\"rtl\">\n\t\t\t<div class=\"elementor-image-carousel swiper-wrapper\" aria-live=\"off\">\n\t\t\t\t\t\t\t\t<div class=\"swiper-slide\" role=\"group\" aria-roledescription=\"slide\" aria-label=\"1 sur 6\"><a data-elementor-open-lightbox=\"yes\" data-elementor-lightbox-slideshow=\"c7f3bca\" data-elementor-lightbox-title=\"Camping La Chaumi\u00e8re vue a\u00e9rienne\" data-elementor-lightbox-description=\"vue a\u00e9rienne du camping\" data-e-action-hash=\"#elementor-action%3Aaction%3Dlightbox%26settings%3DeyJpZCI6ODY1LCJ1cmwiOiJodHRwczpcL1wvY2FtcGluZ2xhY2hhdW1pZXJlLmNvbVwvd3AtY29udGVudFwvdXBsb2Fkc1wvMjAyMFwvMDhcLzUtMS1zY2FsZWQuanBnIiwic2xpZGVzaG93IjoiYzdmM2JjYSJ9\" href=\"https:\/\/campinglachaumiere.com\/wp-content\/uploads\/2020\/08\/5-1-scaled.jpg\"><figure class=\"swiper-slide-inner\"><img decoding=\"async\" class=\"swiper-slide-image\" src=\"https:\/\/campinglachaumiere.com\/wp-content\/uploads\/2020\/08\/5-1-scaled-1024x768.jpg\" alt=\"Camping La Chaumi\u00e8re vue a\u00e9rienne\" \/><\/figure><\/a><\/div><div class=\"swiper-slide\" role=\"group\" aria-roledescription=\"slide\" aria-label=\"2 sur 6\"><a data-elementor-open-lightbox=\"yes\" data-elementor-lightbox-slideshow=\"c7f3bca\" data-elementor-lightbox-title=\"Camping la Chaumi\u00e8re marre\" data-elementor-lightbox-description=\"marre avec des poissons et des grenouilles\" data-e-action-hash=\"#elementor-action%3Aaction%3Dlightbox%26settings%3DeyJpZCI6ODY0LCJ1cmwiOiJodHRwczpcL1wvY2FtcGluZ2xhY2hhdW1pZXJlLmNvbVwvd3AtY29udGVudFwvdXBsb2Fkc1wvMjAyMFwvMDhcLzIwMjAwNzAyXzE2MjE1Mi1zY2FsZWQuanBnIiwic2xpZGVzaG93IjoiYzdmM2JjYSJ9\" href=\"https:\/\/campinglachaumiere.com\/wp-content\/uploads\/2020\/08\/20200702_162152-scaled.jpg\"><figure class=\"swiper-slide-inner\"><img decoding=\"async\" class=\"swiper-slide-image\" src=\"https:\/\/campinglachaumiere.com\/wp-content\/uploads\/2020\/08\/20200702_162152-scaled-1024x768.jpg\" alt=\"Camping la Chaumi\u00e8re marre\" \/><\/figure><\/a><\/div><div class=\"swiper-slide\" role=\"group\" aria-roledescription=\"slide\" aria-label=\"3 sur 6\"><a data-elementor-open-lightbox=\"yes\" data-elementor-lightbox-slideshow=\"c7f3bca\" data-elementor-lightbox-title=\"Camping La Chaumi\u00e8re vue a\u00e9rienne\" data-elementor-lightbox-description=\"vue a\u00e9rienne du camping\" data-e-action-hash=\"#elementor-action%3Aaction%3Dlightbox%26settings%3DeyJpZCI6ODMyLCJ1cmwiOiJodHRwczpcL1wvY2FtcGluZ2xhY2hhdW1pZXJlLmNvbVwvd3AtY29udGVudFwvdXBsb2Fkc1wvMjAyMFwvMDhcLzEtNC1zY2FsZWQuanBnIiwic2xpZGVzaG93IjoiYzdmM2JjYSJ9\" href=\"https:\/\/campinglachaumiere.com\/wp-content\/uploads\/2020\/08\/1-4-scaled.jpg\"><figure class=\"swiper-slide-inner\"><img decoding=\"async\" class=\"swiper-slide-image\" src=\"https:\/\/campinglachaumiere.com\/wp-content\/uploads\/2020\/08\/1-4-scaled-1024x768.jpg\" alt=\"Camping La Chaumi\u00e8re vue a\u00e9rienne\" \/><\/figure><\/a><\/div><div class=\"swiper-slide\" role=\"group\" aria-roledescription=\"slide\" aria-label=\"4 sur 6\"><a data-elementor-open-lightbox=\"yes\" data-elementor-lightbox-slideshow=\"c7f3bca\" data-elementor-lightbox-title=\"Camping La Chaumi\u00e8re mobil-homes\" data-elementor-lightbox-description=\"H\u00e9bergements camping\" data-e-action-hash=\"#elementor-action%3Aaction%3Dlightbox%26settings%3DeyJpZCI6ODE1LCJ1cmwiOiJodHRwczpcL1wvY2FtcGluZ2xhY2hhdW1pZXJlLmNvbVwvd3AtY29udGVudFwvdXBsb2Fkc1wvMjAyMFwvMDhcLzIwMjAwNzIwXzE0NDIxNi1zY2FsZWQuanBnIiwic2xpZGVzaG93IjoiYzdmM2JjYSJ9\" href=\"https:\/\/campinglachaumiere.com\/wp-content\/uploads\/2020\/08\/20200720_144216-scaled.jpg\"><figure class=\"swiper-slide-inner\"><img decoding=\"async\" class=\"swiper-slide-image\" src=\"https:\/\/campinglachaumiere.com\/wp-content\/uploads\/2020\/08\/20200720_144216-scaled-1024x768.jpg\" alt=\"Camping La Chaumi\u00e8re mobil-homes\" \/><\/figure><\/a><\/div><div class=\"swiper-slide\" role=\"group\" aria-roledescription=\"slide\" aria-label=\"5 sur 6\"><a data-elementor-open-lightbox=\"yes\" data-elementor-lightbox-slideshow=\"c7f3bca\" data-elementor-lightbox-title=\"Camping La Chaumi\u00e8re vue a\u00e9rienne\" data-elementor-lightbox-description=\"vue a\u00e9rienne du camping\" data-e-action-hash=\"#elementor-action%3Aaction%3Dlightbox%26settings%3DeyJpZCI6ODM1LCJ1cmwiOiJodHRwczpcL1wvY2FtcGluZ2xhY2hhdW1pZXJlLmNvbVwvd3AtY29udGVudFwvdXBsb2Fkc1wvMjAyMFwvMDhcLzExLXNjYWxlZC5qcGciLCJzbGlkZXNob3ciOiJjN2YzYmNhIn0%3D\" href=\"https:\/\/campinglachaumiere.com\/wp-content\/uploads\/2020\/08\/11-scaled.jpg\"><figure class=\"swiper-slide-inner\"><img decoding=\"async\" class=\"swiper-slide-image\" src=\"https:\/\/campinglachaumiere.com\/wp-content\/uploads\/2020\/08\/11-scaled-1024x768.jpg\" alt=\"Camping La Chaumi\u00e8re vue a\u00e9rienne\" \/><\/figure><\/a><\/div><div class=\"swiper-slide\" role=\"group\" aria-roledescription=\"slide\" aria-label=\"6 sur 6\"><a data-elementor-open-lightbox=\"yes\" data-elementor-lightbox-slideshow=\"c7f3bca\" data-elementor-lightbox-title=\"Camping La Chaumi\u00e8re\" data-elementor-lightbox-description=\"Camping Haut de France\" data-e-action-hash=\"#elementor-action%3Aaction%3Dlightbox%26settings%3DeyJpZCI6ODEyLCJ1cmwiOiJodHRwczpcL1wvY2FtcGluZ2xhY2hhdW1pZXJlLmNvbVwvd3AtY29udGVudFwvdXBsb2Fkc1wvMjAyMFwvMDhcL0RKSV8wMDQ0LXNjYWxlZC5qcGciLCJzbGlkZXNob3ciOiJjN2YzYmNhIn0%3D\" href=\"https:\/\/campinglachaumiere.com\/wp-content\/uploads\/2020\/08\/DJI_0044-scaled.jpg\"><figure class=\"swiper-slide-inner\"><img decoding=\"async\" class=\"swiper-slide-image\" src=\"https:\/\/campinglachaumiere.com\/wp-content\/uploads\/2020\/08\/DJI_0044-scaled-1024x768.jpg\" alt=\"Camping La Chaumi\u00e8re\" \/><\/figure><\/a><\/div>\t\t\t<\/div>\n\t\t\t\t\t\t\t\t\t\t\t\t<div class=\"elementor-swiper-button elementor-swiper-button-prev\" role=\"button\" tabindex=\"0\">\n\t\t\t\t\t\t<i aria-hidden=\"true\" class=\"eicon-chevron-left\"><\/i>\t\t\t\t\t<\/div>\n\t\t\t\t\t<div class=\"elementor-swiper-button elementor-swiper-button-next\" role=\"button\" tabindex=\"0\">\n\t\t\t\t\t\t<i aria-hidden=\"true\" class=\"eicon-chevron-right\"><\/i>\t\t\t\t\t<\/div>\n\t\t\t\t\n\t\t\t\t\t\t\t\t\t<\/div>\n\t\t\t\t<\/div>\n\t\t\t\t<\/div>\n\t\t\t\t\t<\/div>\n\t\t<\/div>\n\t\t\t\t\t<\/div>\n\t\t<\/section>\n\t\t\t\t<section class=\"elementor-section elementor-top-section elementor-element elementor-element-47225c8 elementor-section-boxed elementor-section-height-default elementor-section-height-default\" data-id=\"47225c8\" data-element_type=\"section\">\n\t\t\t\t\t\t<div class=\"elementor-container elementor-column-gap-default\">\n\t\t\t\t\t<div class=\"elementor-column elementor-col-100 elementor-top-column elementor-element elementor-element-03881c1\" data-id=\"03881c1\" data-element_type=\"column\">\n\t\t\t<div class=\"elementor-widget-wrap elementor-element-populated\">\n\t\t\t\t\t\t<div class=\"elementor-element elementor-element-b6f011d elementor-widget elementor-widget-heading\" data-id=\"b6f011d\" data-element_type=\"widget\" data-widget_type=\"heading.default\">\n\t\t\t\t<div class=\"elementor-widget-container\">\n\t\t\t<h2 class=\"elementor-heading-title elementor-size-default\">Une \u00e9quipe chaleureuse et dynamique !<\/h2>\t\t<\/div>\n\t\t\t\t<\/div>\n\t\t\t\t\t<\/div>\n\t\t<\/div>\n\t\t\t\t\t<\/div>\n\t\t<\/section>\n\t\t\t\t<section class=\"elementor-section elementor-top-section elementor-element elementor-element-9d44d70 elementor-section-boxed elementor-section-height-default elementor-section-height-default\" data-id=\"9d44d70\" data-element_type=\"section\">\n\t\t\t\t\t\t<div class=\"elementor-container elementor-column-gap-default\">\n\t\t\t\t\t<div class=\"elementor-column elementor-col-66 elementor-top-column elementor-element elementor-element-37e7cb7\" data-id=\"37e7cb7\" data-element_type=\"column\">\n\t\t\t<div class=\"elementor-widget-wrap elementor-element-populated\">\n\t\t\t\t\t\t<div class=\"elementor-element elementor-element-797f7b5 elementor-widget elementor-widget-image\" data-id=\"797f7b5\" data-element_type=\"widget\" data-widget_type=\"image.default\">\n\t\t\t\t<div class=\"elementor-widget-container\">\n\t\t\t\t\t\t\t\t\t\t\t\t\t<img fetchpriority=\"high\" decoding=\"async\" width=\"1024\" height=\"768\" src=\"https:\/\/campinglachaumiere.com\/wp-content\/uploads\/2020\/08\/Terrasse.jpg\" class=\"attachment-large size-large wp-image-872\" alt=\"Camping la Chaumi\u00e8re Terrasse\" srcset=\"https:\/\/campinglachaumiere.com\/wp-content\/uploads\/2020\/08\/Terrasse.jpg 1024w, https:\/\/campinglachaumiere.com\/wp-content\/uploads\/2020\/08\/Terrasse-300x225.jpg 300w, https:\/\/campinglachaumiere.com\/wp-content\/uploads\/2020\/08\/Terrasse-768x576.jpg 768w\" sizes=\"(max-width: 1024px) 100vw, 1024px\" \/>\t\t\t\t\t\t\t\t\t\t\t\t\t<\/div>\n\t\t\t\t<\/div>\n\t\t\t\t\t<\/div>\n\t\t<\/div>\n\t\t\t\t<div class=\"elementor-column elementor-col-33 elementor-top-column elementor-element elementor-element-803af85\" data-id=\"803af85\" data-element_type=\"column\">\n\t\t\t<div class=\"elementor-widget-wrap elementor-element-populated\">\n\t\t\t\t\t\t<div class=\"elementor-element elementor-element-3735a90 elementor-widget elementor-widget-text-editor\" data-id=\"3735a90\" data-element_type=\"widget\" data-widget_type=\"text-editor.default\">\n\t\t\t\t<div class=\"elementor-widget-container\">\n\t\t\t\t\t\t\t<p><em>Le Camping La Chaumi\u00e8re : un m\u00e9lange bien dos\u00e9 de savoir-faire, de passion et de respect\u00a0 ! Savoir- faire dans une ambiance conviviale et familiale pour la r\u00e9ussite de votre s\u00e9jour ! Respect\u00a0 pour la nature, pour le bien \u00eatre de tous les vacanciers et pour la qui\u00e9tude. La passion pour notre belle r\u00e9gion, pour vous la faire d\u00e9couvrir et pour le contact humain. <\/em><\/p><p><em>Le personnel de ce camping dynamique, fort de son exp\u00e9rience et gr\u00e2ce \u00e0 sa disponibilit\u00e9, saura r\u00e9pondre \u00e0 toutes vos demandes et tous vos besoins pour un\u00a0 d\u00e9paysement garanti !\u00a0\u00a0<\/em><\/p>\t\t\t\t\t\t<\/div>\n\t\t\t\t<\/div>\n\t\t\t\t\t<\/div>\n\t\t<\/div>\n\t\t\t\t\t<\/div>\n\t\t<\/section>\n\t\t\t\t<\/div>\n\t\t","protected":false},"excerpt":{"rendered":"<p>Le Camping La Chaumi\u00e8re : il se situe \u00e0 Buysscheure (59) dans la r\u00e9gion des Flandres, non loin de Dunkerque et de la fronti\u00e8re belge Les diff\u00e9rentes solutions d&rsquo;h\u00e9bergement : Bienvenue au Camping La Chaumi\u00e8re \u00ab\u00a03 \u00e9toiles\u00a0\u00bb qui \u00a0s&rsquo;\u00e9tend sur 1,5 hectares au coeur de la campagne flamande. Le chant des oiseaux, les biches, les [&hellip;]<\/p>\n","protected":false},"author":1,"featured_media":0,"parent":0,"menu_order":0,"comment_status":"closed","ping_status":"closed","template":"elementor_header_footer","meta":{"ocean_post_layout":"","ocean_both_sidebars_style":"","ocean_both_sidebars_content_width":0,"ocean_both_sidebars_sidebars_width":0,"ocean_sidebar":"","ocean_second_sidebar":"","ocean_disable_margins":"enable","ocean_add_body_class":"","ocean_shortcode_before_top_bar":"","ocean_shortcode_after_top_bar":"","ocean_shortcode_before_header":"","ocean_shortcode_after_header":"","ocean_has_shortcode":"","ocean_shortcode_after_title":"","ocean_shortcode_before_footer_widgets":"","ocean_shortcode_after_footer_widgets":"","ocean_shortcode_before_footer_bottom":"","ocean_shortcode_after_footer_bottom":"","ocean_display_top_bar":"default","ocean_display_header":"default","ocean_header_style":"","ocean_center_header_left_menu":"","ocean_custom_header_template":"","ocean_custom_logo":0,"ocean_custom_retina_logo":0,"ocean_custom_logo_max_width":0,"ocean_custom_logo_tablet_max_width":0,"ocean_custom_logo_mobile_max_width":0,"ocean_custom_logo_max_height":0,"ocean_custom_logo_tablet_max_height":0,"ocean_custom_logo_mobile_max_height":0,"ocean_header_custom_menu":"","ocean_menu_typo_font_family":"","ocean_menu_typo_font_subset":"","ocean_menu_typo_font_size":0,"ocean_menu_typo_font_size_tablet":0,"ocean_menu_typo_font_size_mobile":0,"ocean_menu_typo_font_size_unit":"px","ocean_menu_typo_font_weight":"","ocean_menu_typo_font_weight_tablet":"","ocean_menu_typo_font_weight_mobile":"","ocean_menu_typo_transform":"","ocean_menu_typo_transform_tablet":"","ocean_menu_typo_transform_mobile":"","ocean_menu_typo_line_height":0,"ocean_menu_typo_line_height_tablet":0,"ocean_menu_typo_line_height_mobile":0,"ocean_menu_typo_line_height_unit":"","ocean_menu_typo_spacing":0,"ocean_menu_typo_spacing_tablet":0,"ocean_menu_typo_spacing_mobile":0,"ocean_menu_typo_spacing_unit":"","ocean_menu_link_color":"","ocean_menu_link_color_hover":"","ocean_menu_link_color_active":"","ocean_menu_link_background":"","ocean_menu_link_hover_background":"","ocean_menu_link_active_background":"","ocean_menu_social_links_bg":"","ocean_menu_social_hover_links_bg":"","ocean_menu_social_links_color":"","ocean_menu_social_hover_links_color":"","ocean_disable_title":"default","ocean_disable_heading":"default","ocean_post_title":"","ocean_post_subheading":"","ocean_post_title_style":"","ocean_post_title_background_color":"","ocean_post_title_background":0,"ocean_post_title_bg_image_position":"","ocean_post_title_bg_image_attachment":"","ocean_post_title_bg_image_repeat":"","ocean_post_title_bg_image_size":"","ocean_post_title_height":0,"ocean_post_title_bg_overlay":0.5,"ocean_post_title_bg_overlay_color":"","ocean_disable_breadcrumbs":"default","ocean_breadcrumbs_color":"","ocean_breadcrumbs_separator_color":"","ocean_breadcrumbs_links_color":"","ocean_breadcrumbs_links_hover_color":"","ocean_display_footer_widgets":"default","ocean_display_footer_bottom":"default","ocean_custom_footer_template":"","footnotes":""},"_links":{"self":[{"href":"https:\/\/campinglachaumiere.com\/index.php\/wp-json\/wp\/v2\/pages\/15"}],"collection":[{"href":"https:\/\/campinglachaumiere.com\/index.php\/wp-json\/wp\/v2\/pages"}],"about":[{"href":"https:\/\/campinglachaumiere.com\/index.php\/wp-json\/wp\/v2\/types\/page"}],"author":[{"embeddable":true,"href":"https:\/\/campinglachaumiere.com\/index.php\/wp-json\/wp\/v2\/users\/1"}],"replies":[{"embeddable":true,"href":"https:\/\/campinglachaumiere.com\/index.php\/wp-json\/wp\/v2\/comments?post=15"}],"version-history":[{"count":5,"href":"https:\/\/campinglachaumiere.com\/index.php\/wp-json\/wp\/v2\/pages\/15\/revisions"}],"predecessor-version":[{"id":947,"href":"https:\/\/campinglachaumiere.com\/index.php\/wp-json\/wp\/v2\/pages\/15\/revisions\/947"}],"wp:attachment":[{"href":"https:\/\/campinglachaumiere.com\/index.php\/wp-json\/wp\/v2\/media?parent=15"}],"curies":[{"name":"wp","href":"https:\/\/api.w.org\/{rel}","templated":true}]}}