{"id":247,"date":"2020-07-16T13:01:01","date_gmt":"2020-07-16T13:01:01","guid":{"rendered":"http:\/\/lachaumiere.local\/?page_id=247"},"modified":"2020-08-24T17:57:28","modified_gmt":"2020-08-24T15:57:28","slug":"endroit-a-visiter-au-alentour-du-camping","status":"publish","type":"page","link":"https:\/\/campinglachaumiere.com\/index.php\/endroit-a-visiter-au-alentour-du-camping\/","title":{"rendered":"Endroits \u00e0 visiter aux alentours du camping"},"content":{"rendered":"\t\t<div data-elementor-type=\"wp-page\" data-elementor-id=\"247\" class=\"elementor elementor-247\">\n\t\t\t\t\t\t<section class=\"elementor-section elementor-top-section elementor-element elementor-element-19693cf elementor-section-full_width elementor-section-height-default elementor-section-height-default\" data-id=\"19693cf\" data-element_type=\"section\" data-settings=\"{&quot;background_background&quot;:&quot;classic&quot;}\">\n\t\t\t\t\t\t\t<div class=\"elementor-background-overlay\"><\/div>\n\t\t\t\t\t\t\t<div class=\"elementor-container elementor-column-gap-default\">\n\t\t\t\t\t<div class=\"elementor-column elementor-col-100 elementor-top-column elementor-element elementor-element-e2d0261\" data-id=\"e2d0261\" data-element_type=\"column\">\n\t\t\t<div class=\"elementor-widget-wrap elementor-element-populated\">\n\t\t\t\t\t\t<div class=\"elementor-element elementor-element-80e8ca8 elementor-widget elementor-widget-heading\" data-id=\"80e8ca8\" data-element_type=\"widget\" data-widget_type=\"heading.default\">\n\t\t\t\t<div class=\"elementor-widget-container\">\n\t\t\t<h1 class=\"elementor-heading-title elementor-size-default\">Lieux \u00e0 visiter dans la r\u00e9gion<\/h1>\t\t<\/div>\n\t\t\t\t<\/div>\n\t\t\t\t\t<\/div>\n\t\t<\/div>\n\t\t\t\t\t<\/div>\n\t\t<\/section>\n\t\t\t\t<section class=\"elementor-section elementor-top-section elementor-element elementor-element-d43ca18 elementor-section-boxed elementor-section-height-default elementor-section-height-default\" data-id=\"d43ca18\" data-element_type=\"section\">\n\t\t\t\t\t\t<div class=\"elementor-container elementor-column-gap-default\">\n\t\t\t\t\t<div class=\"elementor-column elementor-col-100 elementor-top-column elementor-element elementor-element-f67ff60\" data-id=\"f67ff60\" data-element_type=\"column\">\n\t\t\t<div class=\"elementor-widget-wrap elementor-element-populated\">\n\t\t\t\t\t\t<div class=\"elementor-element elementor-element-a433bd0 elementor-widget elementor-widget-text-editor\" data-id=\"a433bd0\" data-element_type=\"widget\" data-widget_type=\"text-editor.default\">\n\t\t\t\t<div class=\"elementor-widget-container\">\n\t\t\t\t\t\t\t<p><em>La localisation du Camping est id\u00e9ale car elle permet de visiter facilement la r\u00e9gion : Bergues (rendu c\u00e9l\u00e8bre dans \u00ab\u00a0Bienvenue chez les Chti\u00a0\u00bb), Dunkerque, Cassel (class\u00e9 village pr\u00e9f\u00e9r\u00e9 des fran\u00e7ais, pour la convivialit\u00e9 et l&rsquo;accueil de ses habitants notamment, Mus\u00e9e d\u00e9partemental, Centre historique, Jardins&#8230;), les monts des Flandres (L&rsquo;abbaye du mont des Cats c\u00e9l\u00e8bre pour son fromage), Saint Omer (la cath\u00e9drale, son marais, et la coupole), Calais (et chevaucher son dragon) et la c\u00f4te d&rsquo;Opale, la c\u00f4te belge, Bruges&#8230;. Vous d\u00e9couvrirez la r\u00e9gion sur les chemins pittoresques, au d\u00e9tour de chapelles et de moulins. Les nombreuses attractions touristiques de la r\u00e9gion, tels que des sites historiques, des mus\u00e9es, des cin\u00e9mas, des plages, des parcs d\u2019attraction, les march\u00e9s typiques vous s\u00e9duiront !\u00a0<\/em><\/p>\t\t\t\t\t\t<\/div>\n\t\t\t\t<\/div>\n\t\t\t\t\t<\/div>\n\t\t<\/div>\n\t\t\t\t\t<\/div>\n\t\t<\/section>\n\t\t\t\t<section class=\"elementor-section elementor-top-section elementor-element elementor-element-922d3df elementor-section-boxed elementor-section-height-default elementor-section-height-default\" data-id=\"922d3df\" data-element_type=\"section\">\n\t\t\t\t\t\t<div class=\"elementor-container elementor-column-gap-default\">\n\t\t\t\t\t<div class=\"elementor-column elementor-col-33 elementor-top-column elementor-element elementor-element-da059e0\" data-id=\"da059e0\" data-element_type=\"column\">\n\t\t\t<div class=\"elementor-widget-wrap elementor-element-populated\">\n\t\t\t\t\t\t<div class=\"elementor-element elementor-element-22a194c elementor-position-top elementor-widget elementor-widget-image-box\" data-id=\"22a194c\" data-element_type=\"widget\" data-widget_type=\"image-box.default\">\n\t\t\t\t<div class=\"elementor-widget-container\">\n\t\t\t<div class=\"elementor-image-box-wrapper\"><figure class=\"elementor-image-box-img\"><a href=\"http:\/\/www.leblockhaus.com\/fr\/\" tabindex=\"-1\" target=\"_blank\" rel=\"noopener\"><img fetchpriority=\"high\" decoding=\"async\" width=\"1350\" height=\"759\" src=\"https:\/\/campinglachaumiere.com\/wp-content\/uploads\/2020\/08\/blockhause-eperlecque.jpg\" class=\"elementor-animation-grow attachment-full size-full wp-image-938\" alt=\"blockhause eperlecque\" srcset=\"https:\/\/campinglachaumiere.com\/wp-content\/uploads\/2020\/08\/blockhause-eperlecque.jpg 1350w, https:\/\/campinglachaumiere.com\/wp-content\/uploads\/2020\/08\/blockhause-eperlecque-300x169.jpg 300w, https:\/\/campinglachaumiere.com\/wp-content\/uploads\/2020\/08\/blockhause-eperlecque-1024x576.jpg 1024w, https:\/\/campinglachaumiere.com\/wp-content\/uploads\/2020\/08\/blockhause-eperlecque-768x432.jpg 768w\" sizes=\"(max-width: 1350px) 100vw, 1350px\" \/><\/a><\/figure><div class=\"elementor-image-box-content\"><h3 class=\"elementor-image-box-title\"><a href=\"http:\/\/www.leblockhaus.com\/fr\/\" target=\"_blank\" rel=\"noopener\">Le Blockhaus d'Eperlecques<\/a><\/h3><p class=\"elementor-image-box-description\">Le blockhaus d'\u00c9perlecques est un bunker de la Seconde Guerre mondiale situ\u00e9 dans la for\u00eat d'\u00c9perlecques.\nIl fut construit par l'Allemagne nazie de 1943 \u00e0 1944 pour servir de base de lancement aux missiles V2 visant le Sud de l'Angleterre.\nAujourd'hui, ce blockhaus r\u00e9am\u00e9nag\u00e9 en mus\u00e9e de la Seconde Guerre mondiale est tr\u00e8s int\u00e9ressant \u00e0 visiter.<\/p><\/div><\/div>\t\t<\/div>\n\t\t\t\t<\/div>\n\t\t\t\t\t<\/div>\n\t\t<\/div>\n\t\t\t\t<div class=\"elementor-column elementor-col-33 elementor-top-column elementor-element elementor-element-04f0929\" data-id=\"04f0929\" data-element_type=\"column\">\n\t\t\t<div class=\"elementor-widget-wrap elementor-element-populated\">\n\t\t\t\t\t\t<div class=\"elementor-element elementor-element-f71e84e elementor-position-top elementor-widget elementor-widget-image-box\" data-id=\"f71e84e\" data-element_type=\"widget\" data-widget_type=\"image-box.default\">\n\t\t\t\t<div class=\"elementor-widget-container\">\n\t\t\t<div class=\"elementor-image-box-wrapper\"><figure class=\"elementor-image-box-img\"><a href=\"https:\/\/www.genievredehoulle.com\/visite-de-la-distillerie\/\" tabindex=\"-1\" target=\"_blank\" rel=\"noopener\"><img decoding=\"async\" width=\"1020\" height=\"960\" src=\"https:\/\/campinglachaumiere.com\/wp-content\/uploads\/2020\/08\/Distillerie-Houlle.jpg\" class=\"elementor-animation-grow attachment-full size-full wp-image-939\" alt=\"Distillerie Houlle\" srcset=\"https:\/\/campinglachaumiere.com\/wp-content\/uploads\/2020\/08\/Distillerie-Houlle.jpg 1020w, https:\/\/campinglachaumiere.com\/wp-content\/uploads\/2020\/08\/Distillerie-Houlle-300x282.jpg 300w, https:\/\/campinglachaumiere.com\/wp-content\/uploads\/2020\/08\/Distillerie-Houlle-768x723.jpg 768w\" sizes=\"(max-width: 1020px) 100vw, 1020px\" \/><\/a><\/figure><div class=\"elementor-image-box-content\"><h3 class=\"elementor-image-box-title\"><a href=\"https:\/\/www.genievredehoulle.com\/visite-de-la-distillerie\/\" target=\"_blank\" rel=\"noopener\">La Distillerie de Houlle<\/a><\/h3><p class=\"elementor-image-box-description\">Monsieur Persyn, responsable de la distillerie vous accueille dans ses locaux pour vous r\u00e9v\u00e9ler tous les secrets de la fabrication du geni\u00e8vre\u2026\nAu travers de diff\u00e9rentes activit\u00e9s vous verrez les facettes d'une distillerie traditionnelle et artisanale. <\/p><\/div><\/div>\t\t<\/div>\n\t\t\t\t<\/div>\n\t\t\t\t\t<\/div>\n\t\t<\/div>\n\t\t\t\t<div class=\"elementor-column elementor-col-33 elementor-top-column elementor-element elementor-element-4487893\" data-id=\"4487893\" data-element_type=\"column\">\n\t\t\t<div class=\"elementor-widget-wrap elementor-element-populated\">\n\t\t\t\t\t\t<div class=\"elementor-element elementor-element-67f94de elementor-position-top elementor-widget elementor-widget-image-box\" data-id=\"67f94de\" data-element_type=\"widget\" data-widget_type=\"image-box.default\">\n\t\t\t\t<div class=\"elementor-widget-container\">\n\t\t\t<div class=\"elementor-image-box-wrapper\"><figure class=\"elementor-image-box-img\"><a href=\"https:\/\/lesfaiseursdebateaux.fr\/\" tabindex=\"-1\" target=\"_blank\" rel=\"noopener\"><img decoding=\"async\" width=\"512\" height=\"250\" src=\"https:\/\/campinglachaumiere.com\/wp-content\/uploads\/2020\/08\/faiseurs-de-bateaux.jpg\" class=\"elementor-animation-grow attachment-full size-full wp-image-940\" alt=\"faiseurs de bateaux\" srcset=\"https:\/\/campinglachaumiere.com\/wp-content\/uploads\/2020\/08\/faiseurs-de-bateaux.jpg 512w, https:\/\/campinglachaumiere.com\/wp-content\/uploads\/2020\/08\/faiseurs-de-bateaux-300x146.jpg 300w\" sizes=\"(max-width: 512px) 100vw, 512px\" \/><\/a><\/figure><div class=\"elementor-image-box-content\"><h3 class=\"elementor-image-box-title\"><a href=\"https:\/\/lesfaiseursdebateaux.fr\/\" target=\"_blank\" rel=\"noopener\">Les Faiseurs de bateaux<\/a><\/h3><p class=\"elementor-image-box-description\">A Claimarais, des artisans sp\u00e9cialis\u00e9s dans la conception de bateaux vous font d\u00e9couvrir leur savoir-faire unique et ancestral. Nomm\u00e9s les escutes, les bac\u00f4ves, ces embarcations traditionnelles en ch\u00eane, \u00e9taient   utilis\u00e9es pendant des si\u00e8cles par les mara\u00eechers. St Omer est r\u00e9put\u00e9 pour la culture du chou fleur et il existe une c\u00e9l\u00e8bre confr\u00e9rie<\/p><\/div><\/div>\t\t<\/div>\n\t\t\t\t<\/div>\n\t\t\t\t\t<\/div>\n\t\t<\/div>\n\t\t\t\t\t<\/div>\n\t\t<\/section>\n\t\t\t\t<section class=\"elementor-section elementor-top-section elementor-element elementor-element-625a609 elementor-section-boxed elementor-section-height-default elementor-section-height-default\" data-id=\"625a609\" data-element_type=\"section\">\n\t\t\t\t\t\t<div class=\"elementor-container elementor-column-gap-default\">\n\t\t\t\t\t<div class=\"elementor-column elementor-col-33 elementor-top-column elementor-element elementor-element-3c36c4f\" data-id=\"3c36c4f\" data-element_type=\"column\">\n\t\t\t<div class=\"elementor-widget-wrap elementor-element-populated\">\n\t\t\t\t\t\t<div class=\"elementor-element elementor-element-9c10eb8 elementor-position-top elementor-widget elementor-widget-image-box\" data-id=\"9c10eb8\" data-element_type=\"widget\" data-widget_type=\"image-box.default\">\n\t\t\t\t<div class=\"elementor-widget-container\">\n\t\t\t<div class=\"elementor-image-box-wrapper\"><figure class=\"elementor-image-box-img\"><a href=\"http:\/\/visite-usine-fr.arc-intl.com\/infos-pratiques\/accueil.html\" tabindex=\"-1\" target=\"_blank\" rel=\"noopener\"><img loading=\"lazy\" decoding=\"async\" width=\"1350\" height=\"759\" src=\"https:\/\/campinglachaumiere.com\/wp-content\/uploads\/2020\/08\/Cristallerie-darques.jpg\" class=\"elementor-animation-grow attachment-full size-full wp-image-941\" alt=\"Cristallerie d&#039;arques\" srcset=\"https:\/\/campinglachaumiere.com\/wp-content\/uploads\/2020\/08\/Cristallerie-darques.jpg 1350w, https:\/\/campinglachaumiere.com\/wp-content\/uploads\/2020\/08\/Cristallerie-darques-300x169.jpg 300w, https:\/\/campinglachaumiere.com\/wp-content\/uploads\/2020\/08\/Cristallerie-darques-1024x576.jpg 1024w, https:\/\/campinglachaumiere.com\/wp-content\/uploads\/2020\/08\/Cristallerie-darques-768x432.jpg 768w\" sizes=\"(max-width: 1350px) 100vw, 1350px\" \/><\/a><\/figure><div class=\"elementor-image-box-content\"><h3 class=\"elementor-image-box-title\"><a href=\"http:\/\/visite-usine-fr.arc-intl.com\/infos-pratiques\/accueil.html\" target=\"_blank\" rel=\"noopener\">La Cristallerie d'Arques<\/a><\/h3><p class=\"elementor-image-box-description\">Visitez une des plus grandes usines de la r\u00e9gion. De sa cr\u00e9ation \u00e0 nos jours, vous d\u00e9couvrirez pendant 1h30, la conception des diff\u00e9rentes pi\u00e8ces fabriqu\u00e9es sur le site de production verri\u00e8re d'Arc International. N'oubliez pas de r\u00e9server le cr\u00e9neau de votre visite \u00e0 l'avance.<\/p><\/div><\/div>\t\t<\/div>\n\t\t\t\t<\/div>\n\t\t\t\t\t<\/div>\n\t\t<\/div>\n\t\t\t\t<div class=\"elementor-column elementor-col-33 elementor-top-column elementor-element elementor-element-4e7ecfd\" data-id=\"4e7ecfd\" data-element_type=\"column\">\n\t\t\t<div class=\"elementor-widget-wrap elementor-element-populated\">\n\t\t\t\t\t\t<div class=\"elementor-element elementor-element-2d121bf elementor-position-top elementor-widget elementor-widget-image-box\" data-id=\"2d121bf\" data-element_type=\"widget\" data-widget_type=\"image-box.default\">\n\t\t\t\t<div class=\"elementor-widget-container\">\n\t\t\t<div class=\"elementor-image-box-wrapper\"><figure class=\"elementor-image-box-img\"><a href=\"http:\/\/www.musee-noordpeene.eu\/\" tabindex=\"-1\" target=\"_blank\" rel=\"noopener\"><img loading=\"lazy\" decoding=\"async\" width=\"1350\" height=\"759\" src=\"https:\/\/campinglachaumiere.com\/wp-content\/uploads\/2020\/08\/Maison-de-la-bataille.jpg\" class=\"elementor-animation-grow attachment-full size-full wp-image-942\" alt=\"Maison de la bataille\" srcset=\"https:\/\/campinglachaumiere.com\/wp-content\/uploads\/2020\/08\/Maison-de-la-bataille.jpg 1350w, https:\/\/campinglachaumiere.com\/wp-content\/uploads\/2020\/08\/Maison-de-la-bataille-300x169.jpg 300w, https:\/\/campinglachaumiere.com\/wp-content\/uploads\/2020\/08\/Maison-de-la-bataille-1024x576.jpg 1024w, https:\/\/campinglachaumiere.com\/wp-content\/uploads\/2020\/08\/Maison-de-la-bataille-768x432.jpg 768w\" sizes=\"(max-width: 1350px) 100vw, 1350px\" \/><\/a><\/figure><div class=\"elementor-image-box-content\"><h3 class=\"elementor-image-box-title\"><a href=\"http:\/\/www.musee-noordpeene.eu\/\" target=\"_blank\" rel=\"noopener\">Maison de la Bataille de la Peene<\/a><\/h3><p class=\"elementor-image-box-description\">Situ\u00e9 au pied du Mont Cassel, la Maison de la Bataille vous raconte comment une partie de la Flandre est devenue fran\u00e7aise \u00e0 l'\u00e9poque de Louis XIV. Vous en saurez plus sur la culture flamande de France, notamment la langue r\u00e9gionale. A Noordpeene, vous pourrez vous impr\u00e9gnez de l'histoire et de la culture flamande !<\/p><\/div><\/div>\t\t<\/div>\n\t\t\t\t<\/div>\n\t\t\t\t\t<\/div>\n\t\t<\/div>\n\t\t\t\t<div class=\"elementor-column elementor-col-33 elementor-top-column elementor-element elementor-element-f7bda72\" data-id=\"f7bda72\" data-element_type=\"column\">\n\t\t\t<div class=\"elementor-widget-wrap elementor-element-populated\">\n\t\t\t\t\t\t<div class=\"elementor-element elementor-element-c7425e3 elementor-position-top elementor-widget elementor-widget-image-box\" data-id=\"c7425e3\" data-element_type=\"widget\" data-widget_type=\"image-box.default\">\n\t\t\t\t<div class=\"elementor-widget-container\">\n\t\t\t<div class=\"elementor-image-box-wrapper\"><figure class=\"elementor-image-box-img\"><a href=\"https:\/\/www.google.com\/search?q=estaminet+flandres&#038;source=lmns&#038;bih=635&#038;biw=1349&#038;hl=fr&#038;sa=X&#038;ved=2ahUKEwiarvTXx4vrAhWV0YUKHQcQDOIQ_AUoAHoECAEQAA\" tabindex=\"-1\" target=\"_blank\" rel=\"noopener\"><img loading=\"lazy\" decoding=\"async\" width=\"1024\" height=\"786\" src=\"https:\/\/campinglachaumiere.com\/wp-content\/uploads\/2020\/08\/Estaminets-des-Flandres.jpg\" class=\"elementor-animation-grow attachment-full size-full wp-image-943\" alt=\"Estaminets des Flandres\" srcset=\"https:\/\/campinglachaumiere.com\/wp-content\/uploads\/2020\/08\/Estaminets-des-Flandres.jpg 1024w, https:\/\/campinglachaumiere.com\/wp-content\/uploads\/2020\/08\/Estaminets-des-Flandres-300x230.jpg 300w, https:\/\/campinglachaumiere.com\/wp-content\/uploads\/2020\/08\/Estaminets-des-Flandres-768x590.jpg 768w\" sizes=\"(max-width: 1024px) 100vw, 1024px\" \/><\/a><\/figure><div class=\"elementor-image-box-content\"><h3 class=\"elementor-image-box-title\"><a href=\"https:\/\/www.google.com\/search?q=estaminet+flandres&#038;source=lmns&#038;bih=635&#038;biw=1349&#038;hl=fr&#038;sa=X&#038;ved=2ahUKEwiarvTXx4vrAhWV0YUKHQcQDOIQ_AUoAHoECAEQAA\" target=\"_blank\" rel=\"noopener\">Estaminets des Flandres<\/a><\/h3><p class=\"elementor-image-box-description\">Partez \u00e0 la d\u00e9couverte du patrimoine de la r\u00e9gion des Flandres en visitant les estaminets des alentours. Ces authentiques lieux ont pris de belles rides, vous pourrez y d\u00e9guster des boissons et des plats typiques du terroir.<\/p><\/div><\/div>\t\t<\/div>\n\t\t\t\t<\/div>\n\t\t\t\t\t<\/div>\n\t\t<\/div>\n\t\t\t\t\t<\/div>\n\t\t<\/section>\n\t\t\t\t<\/div>\n\t\t","protected":false},"excerpt":{"rendered":"<p>Lieux \u00e0 visiter dans la r\u00e9gion La localisation du Camping est id\u00e9ale car elle permet de visiter facilement la r\u00e9gion : Bergues (rendu c\u00e9l\u00e8bre dans \u00ab\u00a0Bienvenue chez les Chti\u00a0\u00bb), Dunkerque, Cassel (class\u00e9 village pr\u00e9f\u00e9r\u00e9 des fran\u00e7ais, pour la convivialit\u00e9 et l&rsquo;accueil de ses habitants notamment, Mus\u00e9e d\u00e9partemental, Centre historique, Jardins&#8230;), les monts des Flandres (L&rsquo;abbaye [&hellip;]<\/p>\n","protected":false},"author":1,"featured_media":0,"parent":0,"menu_order":0,"comment_status":"closed","ping_status":"closed","template":"elementor_header_footer","meta":{"ocean_post_layout":"","ocean_both_sidebars_style":"","ocean_both_sidebars_content_width":0,"ocean_both_sidebars_sidebars_width":0,"ocean_sidebar":"","ocean_second_sidebar":"","ocean_disable_margins":"enable","ocean_add_body_class":"","ocean_shortcode_before_top_bar":"","ocean_shortcode_after_top_bar":"","ocean_shortcode_before_header":"","ocean_shortcode_after_header":"","ocean_has_shortcode":"","ocean_shortcode_after_title":"","ocean_shortcode_before_footer_widgets":"","ocean_shortcode_after_footer_widgets":"","ocean_shortcode_before_footer_bottom":"","ocean_shortcode_after_footer_bottom":"","ocean_display_top_bar":"default","ocean_display_header":"default","ocean_header_style":"","ocean_center_header_left_menu":"","ocean_custom_header_template":"","ocean_custom_logo":0,"ocean_custom_retina_logo":0,"ocean_custom_logo_max_width":0,"ocean_custom_logo_tablet_max_width":0,"ocean_custom_logo_mobile_max_width":0,"ocean_custom_logo_max_height":0,"ocean_custom_logo_tablet_max_height":0,"ocean_custom_logo_mobile_max_height":0,"ocean_header_custom_menu":"","ocean_menu_typo_font_family":"","ocean_menu_typo_font_subset":"","ocean_menu_typo_font_size":0,"ocean_menu_typo_font_size_tablet":0,"ocean_menu_typo_font_size_mobile":0,"ocean_menu_typo_font_size_unit":"px","ocean_menu_typo_font_weight":"","ocean_menu_typo_font_weight_tablet":"","ocean_menu_typo_font_weight_mobile":"","ocean_menu_typo_transform":"","ocean_menu_typo_transform_tablet":"","ocean_menu_typo_transform_mobile":"","ocean_menu_typo_line_height":0,"ocean_menu_typo_line_height_tablet":0,"ocean_menu_typo_line_height_mobile":0,"ocean_menu_typo_line_height_unit":"","ocean_menu_typo_spacing":0,"ocean_menu_typo_spacing_tablet":0,"ocean_menu_typo_spacing_mobile":0,"ocean_menu_typo_spacing_unit":"","ocean_menu_link_color":"","ocean_menu_link_color_hover":"","ocean_menu_link_color_active":"","ocean_menu_link_background":"","ocean_menu_link_hover_background":"","ocean_menu_link_active_background":"","ocean_menu_social_links_bg":"","ocean_menu_social_hover_links_bg":"","ocean_menu_social_links_color":"","ocean_menu_social_hover_links_color":"","ocean_disable_title":"default","ocean_disable_heading":"default","ocean_post_title":"","ocean_post_subheading":"","ocean_post_title_style":"","ocean_post_title_background_color":"","ocean_post_title_background":0,"ocean_post_title_bg_image_position":"","ocean_post_title_bg_image_attachment":"","ocean_post_title_bg_image_repeat":"","ocean_post_title_bg_image_size":"","ocean_post_title_height":0,"ocean_post_title_bg_overlay":0.5,"ocean_post_title_bg_overlay_color":"","ocean_disable_breadcrumbs":"default","ocean_breadcrumbs_color":"","ocean_breadcrumbs_separator_color":"","ocean_breadcrumbs_links_color":"","ocean_breadcrumbs_links_hover_color":"","ocean_display_footer_widgets":"default","ocean_display_footer_bottom":"default","ocean_custom_footer_template":"","footnotes":""},"_links":{"self":[{"href":"https:\/\/campinglachaumiere.com\/index.php\/wp-json\/wp\/v2\/pages\/247"}],"collection":[{"href":"https:\/\/campinglachaumiere.com\/index.php\/wp-json\/wp\/v2\/pages"}],"about":[{"href":"https:\/\/campinglachaumiere.com\/index.php\/wp-json\/wp\/v2\/types\/page"}],"author":[{"embeddable":true,"href":"https:\/\/campinglachaumiere.com\/index.php\/wp-json\/wp\/v2\/users\/1"}],"replies":[{"embeddable":true,"href":"https:\/\/campinglachaumiere.com\/index.php\/wp-json\/wp\/v2\/comments?post=247"}],"version-history":[{"count":3,"href":"https:\/\/campinglachaumiere.com\/index.php\/wp-json\/wp\/v2\/pages\/247\/revisions"}],"predecessor-version":[{"id":944,"href":"https:\/\/campinglachaumiere.com\/index.php\/wp-json\/wp\/v2\/pages\/247\/revisions\/944"}],"wp:attachment":[{"href":"https:\/\/campinglachaumiere.com\/index.php\/wp-json\/wp\/v2\/media?parent=247"}],"curies":[{"name":"wp","href":"https:\/\/api.w.org\/{rel}","templated":true}]}}